{"id":148,"date":"2019-09-23T18:00:57","date_gmt":"2019-09-23T21:00:57","guid":{"rendered":"https:\/\/www.sebastianbecerra.cl\/?page_id=148"},"modified":"2019-10-14T20:19:00","modified_gmt":"2019-10-14T23:19:00","slug":"contacto","status":"publish","type":"page","link":"https:\/\/www.sebastianbecerra.cl\/es\/contacto\/","title":{"rendered":"Contacto"},"content":{"rendered":"[vc_row type=\u00bbfull_width_background\u00bb full_screen_row_position=\u00bbmiddle\u00bb column_margin=\u00bbdefault\u00bb bg_image=\u00bb5715&#8243; bg_position=\u00bbcenter center\u00bb bg_repeat=\u00bbno-repeat\u00bb scene_position=\u00bbcenter\u00bb text_color=\u00bbdark\u00bb text_align=\u00bbleft\u00bb top_padding=\u00bb14%\u00bb zindex=\u00bb100&#8243; enable_gradient=\u00bbtrue\u00bb color_overlay=\u00bbrgba(52,82,255,0.93)\u00bb color_overlay_2=\u00bbrgba(255,16,83,0.92)\u00bb gradient_direction=\u00bbleft_t_to_right_b\u00bb overlay_strength=\u00bb0.95&#8243; shape_divider_position=\u00bbbottom\u00bb bg_image_animation=\u00bbnone\u00bb shape_type=\u00bb\u00bb][vc_column column_padding=\u00bbno-extra-padding\u00bb column_padding_position=\u00bball\u00bb background_color_opacity=\u00bb1&#8243; background_hover_color_opacity=\u00bb1&#8243; column_link_target=\u00bb_self\u00bb column_shadow=\u00bbnone\u00bb column_border_radius=\u00bbnone\u00bb width=\u00bb1\/6&#8243; tablet_width_inherit=\u00bbdefault\u00bb tablet_text_alignment=\u00bbdefault\u00bb phone_text_alignment=\u00bbdefault\u00bb overlay_strength=\u00bb0.3&#8243; column_border_width=\u00bbnone\u00bb column_border_style=\u00bbsolid\u00bb bg_image_animation=\u00bbnone\u00bb][\/vc_column][vc_column column_padding=\u00bbno-extra-padding\u00bb column_padding_position=\u00bball\u00bb background_color_opacity=\u00bb1&#8243; background_hover_color_opacity=\u00bb1&#8243; column_link_target=\u00bb_self\u00bb column_shadow=\u00bbnone\u00bb column_border_radius=\u00bbnone\u00bb width=\u00bb2\/3&#8243; tablet_width_inherit=\u00bbdefault\u00bb tablet_text_alignment=\u00bbdefault\u00bb phone_text_alignment=\u00bbdefault\u00bb overlay_strength=\u00bb0.3&#8243; column_border_width=\u00bbnone\u00bb column_border_style=\u00bbsolid\u00bb bg_image_animation=\u00bbnone\u00bb][vc_row_inner column_margin=\u00bbdefault\u00bb bottom_padding=\u00bb7%\u00bb text_align=\u00bbleft\u00bb][vc_column_inner column_padding=\u00bbno-extra-padding\u00bb column_padding_position=\u00bball\u00bb centered_text=\u00bbtrue\u00bb background_color_opacity=\u00bb1&#8243; background_hover_color_opacity=\u00bb1&#8243; font_color=\u00bb#ffffff\u00bb column_shadow=\u00bbnone\u00bb column_border_radius=\u00bbnone\u00bb column_link_target=\u00bb_self\u00bb width=\u00bb1\/1&#8243; tablet_width_inherit=\u00bbdefault\u00bb overlay_strength=\u00bb0.3&#8243; column_border_width=\u00bbnone\u00bb column_border_style=\u00bbsolid\u00bb bg_image_animation=\u00bbnone\u00bb][vc_column_text]\n<h5>\u00bfTienes una idea en mente?<\/h5>\n<h2>\u00a1Hablemos!<\/h2>\n[\/vc_column_text][\/vc_column_inner][\/vc_row_inner][vc_row_inner column_margin=\u00bbdefault\u00bb text_align=\u00bbleft\u00bb][vc_column_inner column_padding=\u00bbpadding-6-percent\u00bb column_padding_position=\u00bball\u00bb background_color=\u00bb#ffffff\u00bb background_color_opacity=\u00bb1&#8243; background_hover_color_opacity=\u00bb1&#8243; column_shadow=\u00bbx_large_depth\u00bb column_border_radius=\u00bb10px\u00bb bottom_margin=\u00bb-25%\u00bb column_link_target=\u00bb_self\u00bb width=\u00bb1\/1&#8243; tablet_width_inherit=\u00bbdefault\u00bb overlay_strength=\u00bb0.3&#8243; column_border_width=\u00bbnone\u00bb column_border_style=\u00bbsolid\u00bb bg_image_animation=\u00bbnone\u00bb enable_animation=\u00bbtrue\u00bb animation=\u00bbgrow-in\u00bb][vc_column_text]\n<h5 style=\"text-align: center;\">Usa el formulario de contacto y te responder\u00e9 a la brevedad.<\/h5>\n[\/vc_column_text]\n<div class=\"wpcf7 no-js\" id=\"wpcf7-f152-o1\" lang=\"en-US\" dir=\"ltr\" data-wpcf7-id=\"152\">\n<div class=\"screen-reader-response\"><p role=\"status\" aria-live=\"polite\" aria-atomic=\"true\"><\/p> <ul><\/ul><\/div>\n<form action=\"\/es\/wp-json\/wp\/v2\/pages\/148\/#wpcf7-f152-o1\" method=\"post\" class=\"wpcf7-form init\" aria-label=\"Contact form\" novalidate=\"novalidate\" data-status=\"init\">\n<fieldset class=\"hidden-fields-container\"><input type=\"hidden\" name=\"_wpcf7\" value=\"152\" \/><input type=\"hidden\" name=\"_wpcf7_version\" value=\"6.1.4\" \/><input type=\"hidden\" name=\"_wpcf7_locale\" value=\"en_US\" \/><input type=\"hidden\" name=\"_wpcf7_unit_tag\" value=\"wpcf7-f152-o1\" \/><input type=\"hidden\" name=\"_wpcf7_container_post\" value=\"0\" \/><input type=\"hidden\" name=\"_wpcf7_posted_data_hash\" value=\"\" \/><input type=\"hidden\" name=\"_wpcf7_recaptcha_response\" value=\"\" \/>\n<\/fieldset>\n<div class=\"row\">\n\t<div class=\"col span_4\">\n\t\t<p><label> Nombre (requerido)<br \/>\n<span class=\"wpcf7-form-control-wrap\" data-name=\"nombre\"><input size=\"40\" maxlength=\"400\" class=\"wpcf7-form-control wpcf7-text wpcf7-validates-as-required\" aria-required=\"true\" aria-invalid=\"false\" value=\"\" type=\"text\" name=\"nombre\" \/><\/span> <\/label>\n\t\t<\/p>\n\t<\/div>\n\t<div class=\"col span_4\">\n\t\t<p><label> Correo electr\u00f3nico (requerido)<br \/>\n<span class=\"wpcf7-form-control-wrap\" data-name=\"correo\"><input size=\"40\" maxlength=\"400\" class=\"wpcf7-form-control wpcf7-email wpcf7-validates-as-required wpcf7-text wpcf7-validates-as-email\" aria-required=\"true\" aria-invalid=\"false\" value=\"\" type=\"email\" name=\"correo\" \/><\/span> <\/label>\n\t\t<\/p>\n\t<\/div>\n\t<div class=\"col span_4\">\n\t\t<p><label> Tel\u00e9fono<br \/>\n<span class=\"wpcf7-form-control-wrap\" data-name=\"telefono\"><input size=\"40\" maxlength=\"400\" class=\"wpcf7-form-control wpcf7-text\" aria-invalid=\"false\" value=\"\" type=\"text\" name=\"telefono\" \/><\/span> <\/label>\n\t\t<\/p>\n\t<\/div>\n<\/div>\n<div class=\"row\">\n\t<div class=\"col span_12\">\n\t\t<p><label> Asunto<br \/>\n<span class=\"wpcf7-form-control-wrap\" data-name=\"asunto\"><input size=\"40\" maxlength=\"400\" class=\"wpcf7-form-control wpcf7-text\" aria-invalid=\"false\" value=\"\" type=\"text\" name=\"asunto\" \/><\/span> <\/label>\n\t\t<\/p>\n\t<\/div>\n<\/div>\n<div class=\"row\">\n\t<div class=\"col span_12\">\n\t\t<p><label> Mensaje<br \/>\n<span class=\"wpcf7-form-control-wrap\" data-name=\"mensaje\"><textarea cols=\"40\" rows=\"10\" maxlength=\"2000\" class=\"wpcf7-form-control wpcf7-textarea\" aria-invalid=\"false\" name=\"mensaje\"><\/textarea><\/span> <\/label>\n\t\t<\/p>\n\t<\/div>\n\t<div class=\"col span_12\">\n\t\t<p><input class=\"wpcf7-form-control wpcf7-submit has-spinner\" type=\"submit\" value=\"Enviar\" \/>\n\t\t<\/p>\n\t<\/div>\n<\/div><div class=\"wpcf7-response-output\" aria-hidden=\"true\"><\/div>\n<\/form>\n<\/div>\n[\/vc_column_inner][\/vc_row_inner][\/vc_column][vc_column column_padding=\u00bbno-extra-padding\u00bb column_padding_position=\u00bball\u00bb background_color_opacity=\u00bb1&#8243; background_hover_color_opacity=\u00bb1&#8243; column_link_target=\u00bb_self\u00bb column_shadow=\u00bbnone\u00bb column_border_radius=\u00bbnone\u00bb width=\u00bb1\/6&#8243; tablet_width_inherit=\u00bbdefault\u00bb tablet_text_alignment=\u00bbdefault\u00bb phone_text_alignment=\u00bbdefault\u00bb overlay_strength=\u00bb0.3&#8243; column_border_width=\u00bbnone\u00bb column_border_style=\u00bbsolid\u00bb bg_image_animation=\u00bbnone\u00bb][\/vc_column][\/vc_row][vc_row type=\u00bbfull_width_content\u00bb full_screen_row_position=\u00bbmiddle\u00bb column_margin=\u00bbdefault\u00bb scene_position=\u00bbcenter\u00bb text_color=\u00bbdark\u00bb text_align=\u00bbleft\u00bb overlay_strength=\u00bb0.3&#8243; shape_divider_position=\u00bbbottom\u00bb bg_image_animation=\u00bbnone\u00bb shape_type=\u00bb\u00bb][vc_column column_padding=\u00bbno-extra-padding\u00bb column_padding_position=\u00bball\u00bb background_color_opacity=\u00bb1&#8243; background_hover_color_opacity=\u00bb1&#8243; column_link_target=\u00bb_self\u00bb column_shadow=\u00bbnone\u00bb column_border_radius=\u00bbnone\u00bb width=\u00bb1\/1&#8243; tablet_width_inherit=\u00bbdefault\u00bb tablet_text_alignment=\u00bbdefault\u00bb phone_text_alignment=\u00bbdefault\u00bb overlay_strength=\u00bb0.3&#8243; column_border_width=\u00bbnone\u00bb column_border_style=\u00bbsolid\u00bb bg_image_animation=\u00bbnone\u00bb][nectar_gmap map_type=\u00bbgoogle\u00bb zoom=\u00bb14&#8243; enable_zoom=\u00bb1&#8243; marker_style=\u00bbnectar\u00bb nectar_marker_color=\u00bbaccent-color\u00bb map_greyscale=\u00bb1&#8243; ultra_flat=\u00bb1&#8243; size=\u00bb650&#8243; map_center_lat=\u00bb-33.44&#8243; map_center_lng=\u00bb-70.66&#8243; map_markers=\u00bb-33.4488|-70.6692|Currently I&#8217;m at Santiago, Chile.\u00bb][\/vc_column][\/vc_row]\n","protected":false},"excerpt":{"rendered":"<p>[vc_row type=\u00bbfull_width_background\u00bb full_screen_row_position=\u00bbmiddle\u00bb column_margin=\u00bbdefault\u00bb bg_image=\u00bb5715&#8243; bg_position=\u00bbcenter center\u00bb bg_repeat=\u00bbno-repeat\u00bb scene_position=\u00bbcenter\u00bb text_color=\u00bbdark\u00bb text_align=\u00bbleft\u00bb top_padding=\u00bb14%\u00bb zindex=\u00bb100&#8243; enable_gradient=\u00bbtrue\u00bb color_overlay=\u00bbrgba(52,82,255,0.93)\u00bb color_overlay_2=\u00bbrgba(255,16,83,0.92)\u00bb gradient_direction=\u00bbleft_t_to_right_b\u00bb overlay_strength=\u00bb0.95&#8243; shape_divider_position=\u00bbbottom\u00bb bg_image_animation=\u00bbnone\u00bb shape_type=\u00bb\u00bb][vc_column column_padding=\u00bbno-extra-padding\u00bb column_padding_position=\u00bball\u00bb background_color_opacity=\u00bb1&#8243; background_hover_color_opacity=\u00bb1&#8243; column_link_target=\u00bb_self\u00bb column_shadow=\u00bbnone\u00bb column_border_radius=\u00bbnone\u00bb width=\u00bb1\/6&#8243; tablet_width_inherit=\u00bbdefault\u00bb&#8230;<\/p>\n","protected":false},"author":1,"featured_media":0,"parent":0,"menu_order":0,"comment_status":"closed","ping_status":"closed","template":"","meta":{"footnotes":""},"class_list":["post-148","page","type-page","status-publish"],"yoast_head":"<!-- This site is optimized with the Yoast SEO plugin v26.5 - https:\/\/yoast.com\/wordpress\/plugins\/seo\/ -->\n<title>Contacto - Sebasti\u00e1n Becerra Cancino<\/title>\n<meta name=\"robots\" content=\"index, follow, max-snippet:-1, max-image-preview:large, max-video-preview:-1\" \/>\n<link rel=\"canonical\" href=\"https:\/\/www.sebastianbecerra.cl\/es\/contact\/\" \/>\n<meta property=\"og:locale\" content=\"es_ES\" \/>\n<meta property=\"og:type\" content=\"article\" \/>\n<meta property=\"og:title\" content=\"Contacto - Sebasti\u00e1n Becerra Cancino\" \/>\n<meta property=\"og:description\" content=\"[vc_row type=\u00bbfull_width_background\u00bb full_screen_row_position=\u00bbmiddle\u00bb column_margin=\u00bbdefault\u00bb bg_image=\u00bb5715&#8243; bg_position=\u00bbcenter center\u00bb bg_repeat=\u00bbno-repeat\u00bb scene_position=\u00bbcenter\u00bb text_color=\u00bbdark\u00bb text_align=\u00bbleft\u00bb top_padding=\u00bb14%\u00bb zindex=\u00bb100&#8243; enable_gradient=\u00bbtrue\u00bb color_overlay=\u00bbrgba(52,82,255,0.93)\u00bb color_overlay_2=\u00bbrgba(255,16,83,0.92)\u00bb gradient_direction=\u00bbleft_t_to_right_b\u00bb overlay_strength=\u00bb0.95&#8243; shape_divider_position=\u00bbbottom\u00bb bg_image_animation=\u00bbnone\u00bb shape_type=\u00bb\u00bb][vc_column column_padding=\u00bbno-extra-padding\u00bb column_padding_position=\u00bball\u00bb background_color_opacity=\u00bb1&#8243; background_hover_color_opacity=\u00bb1&#8243; column_link_target=\u00bb_self\u00bb column_shadow=\u00bbnone\u00bb column_border_radius=\u00bbnone\u00bb width=\u00bb1\/6&#8243; tablet_width_inherit=\u00bbdefault\u00bb...\" \/>\n<meta property=\"og:url\" content=\"https:\/\/www.sebastianbecerra.cl\/contact\/\" \/>\n<meta property=\"og:site_name\" content=\"Sebasti\u00e1n Becerra Cancino\" \/>\n<meta property=\"article:publisher\" content=\"https:\/\/www.facebook.com\/SebaEBC\" \/>\n<meta property=\"article:modified_time\" content=\"2019-10-14T23:19:00+00:00\" \/>\n<meta name=\"twitter:card\" content=\"summary_large_image\" \/>\n<meta name=\"twitter:site\" content=\"@sebaebc\" \/>\n<meta name=\"twitter:label1\" content=\"Tiempo de lectura\" \/>\n\t<meta name=\"twitter:data1\" content=\"3 minutos\" \/>\n<script type=\"application\/ld+json\" class=\"yoast-schema-graph\">{\"@context\":\"https:\/\/schema.org\",\"@graph\":[{\"@type\":\"WebPage\",\"@id\":\"https:\/\/www.sebastianbecerra.cl\/contact\/\",\"url\":\"https:\/\/www.sebastianbecerra.cl\/contact\/\",\"name\":\"Contacto - Sebasti\u00e1n Becerra Cancino\",\"isPartOf\":{\"@id\":\"https:\/\/www.sebastianbecerra.cl\/#website\"},\"datePublished\":\"2019-09-23T21:00:57+00:00\",\"dateModified\":\"2019-10-14T23:19:00+00:00\",\"breadcrumb\":{\"@id\":\"https:\/\/www.sebastianbecerra.cl\/contact\/#breadcrumb\"},\"inLanguage\":\"es\",\"potentialAction\":[{\"@type\":\"ReadAction\",\"target\":[\"https:\/\/www.sebastianbecerra.cl\/contact\/\"]}]},{\"@type\":\"BreadcrumbList\",\"@id\":\"https:\/\/www.sebastianbecerra.cl\/contact\/#breadcrumb\",\"itemListElement\":[{\"@type\":\"ListItem\",\"position\":1,\"name\":\"Home\",\"item\":\"https:\/\/www.sebastianbecerra.cl\/es\/\"},{\"@type\":\"ListItem\",\"position\":2,\"name\":\"Contacto\"}]},{\"@type\":\"WebSite\",\"@id\":\"https:\/\/www.sebastianbecerra.cl\/#website\",\"url\":\"https:\/\/www.sebastianbecerra.cl\/\",\"name\":\"Sebasti\u00e1n Becerra Cancino\",\"description\":\"a.k.a SebaEBC\",\"publisher\":{\"@id\":\"https:\/\/www.sebastianbecerra.cl\/#\/schema\/person\/2161bff8467c8edc79755788cdd5ccc7\"},\"potentialAction\":[{\"@type\":\"SearchAction\",\"target\":{\"@type\":\"EntryPoint\",\"urlTemplate\":\"https:\/\/www.sebastianbecerra.cl\/?s={search_term_string}\"},\"query-input\":{\"@type\":\"PropertyValueSpecification\",\"valueRequired\":true,\"valueName\":\"search_term_string\"}}],\"inLanguage\":\"es\"},{\"@type\":[\"Person\",\"Organization\"],\"@id\":\"https:\/\/www.sebastianbecerra.cl\/#\/schema\/person\/2161bff8467c8edc79755788cdd5ccc7\",\"name\":\"Sebasti\u00e1n Becerra\",\"image\":{\"@type\":\"ImageObject\",\"inLanguage\":\"es\",\"@id\":\"https:\/\/www.sebastianbecerra.cl\/#\/schema\/person\/image\/\",\"url\":\"https:\/\/secure.gravatar.com\/avatar\/6ad6c082337a2abc992ff0cd1deeaa2f9c345d8a5f4633d9a0f700c69cb1bf5c?s=96&r=g\",\"contentUrl\":\"https:\/\/secure.gravatar.com\/avatar\/6ad6c082337a2abc992ff0cd1deeaa2f9c345d8a5f4633d9a0f700c69cb1bf5c?s=96&r=g\",\"caption\":\"Sebasti\u00e1n Becerra\"},\"logo\":{\"@id\":\"https:\/\/www.sebastianbecerra.cl\/#\/schema\/person\/image\/\"},\"description\":\"Trabajo con tecnolog\u00edas web en arquitecturas Cloud. Me gusta descubrir y aprender nuevas tecnolog\u00edas en Layouts (CSS, Sass, Less), Frameworks de Desarrollo (JQuery, AngularJS, Ionic) y plataformas Web (Wordpress, Joomla, Prestashop). He colaborado con diferentes proyectos de software libre y c\u00f3digo abierto con fines sociales. Adem\u00e1s particip\u00e9 en distintos eventos TI exponiendo sobre comunidades y educando sobre tecnolog\u00edas Web.\",\"sameAs\":[\"https:\/\/www.sebastianbecerra.cl\",\"https:\/\/www.facebook.com\/SebaEBC\",\"https:\/\/www.instagram.com\/sebaebc\",\"https:\/\/www.linkedin.com\/in\/sebaebc\/\",\"https:\/\/x.com\/sebaebc\"]}]}<\/script>\n<!-- \/ Yoast SEO plugin. -->","yoast_head_json":{"title":"Contacto - Sebasti\u00e1n Becerra Cancino","robots":{"index":"index","follow":"follow","max-snippet":"max-snippet:-1","max-image-preview":"max-image-preview:large","max-video-preview":"max-video-preview:-1"},"canonical":"https:\/\/www.sebastianbecerra.cl\/es\/contact\/","og_locale":"es_ES","og_type":"article","og_title":"Contacto - Sebasti\u00e1n Becerra Cancino","og_description":"[vc_row type=\u00bbfull_width_background\u00bb full_screen_row_position=\u00bbmiddle\u00bb column_margin=\u00bbdefault\u00bb bg_image=\u00bb5715&#8243; bg_position=\u00bbcenter center\u00bb bg_repeat=\u00bbno-repeat\u00bb scene_position=\u00bbcenter\u00bb text_color=\u00bbdark\u00bb text_align=\u00bbleft\u00bb top_padding=\u00bb14%\u00bb zindex=\u00bb100&#8243; enable_gradient=\u00bbtrue\u00bb color_overlay=\u00bbrgba(52,82,255,0.93)\u00bb color_overlay_2=\u00bbrgba(255,16,83,0.92)\u00bb gradient_direction=\u00bbleft_t_to_right_b\u00bb overlay_strength=\u00bb0.95&#8243; shape_divider_position=\u00bbbottom\u00bb bg_image_animation=\u00bbnone\u00bb shape_type=\u00bb\u00bb][vc_column column_padding=\u00bbno-extra-padding\u00bb column_padding_position=\u00bball\u00bb background_color_opacity=\u00bb1&#8243; background_hover_color_opacity=\u00bb1&#8243; column_link_target=\u00bb_self\u00bb column_shadow=\u00bbnone\u00bb column_border_radius=\u00bbnone\u00bb width=\u00bb1\/6&#8243; tablet_width_inherit=\u00bbdefault\u00bb...","og_url":"https:\/\/www.sebastianbecerra.cl\/contact\/","og_site_name":"Sebasti\u00e1n Becerra Cancino","article_publisher":"https:\/\/www.facebook.com\/SebaEBC","article_modified_time":"2019-10-14T23:19:00+00:00","twitter_card":"summary_large_image","twitter_site":"@sebaebc","twitter_misc":{"Tiempo de lectura":"3 minutos"},"schema":{"@context":"https:\/\/schema.org","@graph":[{"@type":"WebPage","@id":"https:\/\/www.sebastianbecerra.cl\/contact\/","url":"https:\/\/www.sebastianbecerra.cl\/contact\/","name":"Contacto - Sebasti\u00e1n Becerra Cancino","isPartOf":{"@id":"https:\/\/www.sebastianbecerra.cl\/#website"},"datePublished":"2019-09-23T21:00:57+00:00","dateModified":"2019-10-14T23:19:00+00:00","breadcrumb":{"@id":"https:\/\/www.sebastianbecerra.cl\/contact\/#breadcrumb"},"inLanguage":"es","potentialAction":[{"@type":"ReadAction","target":["https:\/\/www.sebastianbecerra.cl\/contact\/"]}]},{"@type":"BreadcrumbList","@id":"https:\/\/www.sebastianbecerra.cl\/contact\/#breadcrumb","itemListElement":[{"@type":"ListItem","position":1,"name":"Home","item":"https:\/\/www.sebastianbecerra.cl\/es\/"},{"@type":"ListItem","position":2,"name":"Contacto"}]},{"@type":"WebSite","@id":"https:\/\/www.sebastianbecerra.cl\/#website","url":"https:\/\/www.sebastianbecerra.cl\/","name":"Sebasti\u00e1n Becerra Cancino","description":"a.k.a SebaEBC","publisher":{"@id":"https:\/\/www.sebastianbecerra.cl\/#\/schema\/person\/2161bff8467c8edc79755788cdd5ccc7"},"potentialAction":[{"@type":"SearchAction","target":{"@type":"EntryPoint","urlTemplate":"https:\/\/www.sebastianbecerra.cl\/?s={search_term_string}"},"query-input":{"@type":"PropertyValueSpecification","valueRequired":true,"valueName":"search_term_string"}}],"inLanguage":"es"},{"@type":["Person","Organization"],"@id":"https:\/\/www.sebastianbecerra.cl\/#\/schema\/person\/2161bff8467c8edc79755788cdd5ccc7","name":"Sebasti\u00e1n Becerra","image":{"@type":"ImageObject","inLanguage":"es","@id":"https:\/\/www.sebastianbecerra.cl\/#\/schema\/person\/image\/","url":"https:\/\/secure.gravatar.com\/avatar\/6ad6c082337a2abc992ff0cd1deeaa2f9c345d8a5f4633d9a0f700c69cb1bf5c?s=96&r=g","contentUrl":"https:\/\/secure.gravatar.com\/avatar\/6ad6c082337a2abc992ff0cd1deeaa2f9c345d8a5f4633d9a0f700c69cb1bf5c?s=96&r=g","caption":"Sebasti\u00e1n Becerra"},"logo":{"@id":"https:\/\/www.sebastianbecerra.cl\/#\/schema\/person\/image\/"},"description":"Trabajo con tecnolog\u00edas web en arquitecturas Cloud. Me gusta descubrir y aprender nuevas tecnolog\u00edas en Layouts (CSS, Sass, Less), Frameworks de Desarrollo (JQuery, AngularJS, Ionic) y plataformas Web (Wordpress, Joomla, Prestashop). He colaborado con diferentes proyectos de software libre y c\u00f3digo abierto con fines sociales. Adem\u00e1s particip\u00e9 en distintos eventos TI exponiendo sobre comunidades y educando sobre tecnolog\u00edas Web.","sameAs":["https:\/\/www.sebastianbecerra.cl","https:\/\/www.facebook.com\/SebaEBC","https:\/\/www.instagram.com\/sebaebc","https:\/\/www.linkedin.com\/in\/sebaebc\/","https:\/\/x.com\/sebaebc"]}]}},"_links":{"self":[{"href":"https:\/\/www.sebastianbecerra.cl\/es\/wp-json\/wp\/v2\/pages\/148\/"}],"collection":[{"href":"https:\/\/www.sebastianbecerra.cl\/es\/wp-json\/wp\/v2\/pages\/"}],"about":[{"href":"https:\/\/www.sebastianbecerra.cl\/es\/wp-json\/wp\/v2\/types\/page\/"}],"author":[{"embeddable":true,"href":"https:\/\/www.sebastianbecerra.cl\/es\/wp-json\/wp\/v2\/users\/1\/"}],"replies":[{"embeddable":true,"href":"https:\/\/www.sebastianbecerra.cl\/es\/wp-json\/wp\/v2\/comments\/?post=148"}],"version-history":[{"count":6,"href":"https:\/\/www.sebastianbecerra.cl\/es\/wp-json\/wp\/v2\/pages\/148\/revisions\/"}],"predecessor-version":[{"id":322,"href":"https:\/\/www.sebastianbecerra.cl\/es\/wp-json\/wp\/v2\/pages\/148\/revisions\/322\/"}],"wp:attachment":[{"href":"https:\/\/www.sebastianbecerra.cl\/es\/wp-json\/wp\/v2\/media\/?parent=148"}],"curies":[{"name":"wp","href":"https:\/\/api.w.org\/{rel}","templated":true}]}}