{"id":127,"date":"2019-09-22T18:25:42","date_gmt":"2019-09-22T21:25:42","guid":{"rendered":"https:\/\/www.sebastianbecerra.cl\/?page_id=127"},"modified":"2019-09-22T18:26:49","modified_gmt":"2019-09-22T21:26:49","slug":"blog","status":"publish","type":"page","link":"https:\/\/www.sebastianbecerra.cl\/es\/blog\/","title":{"rendered":"Blog"},"content":{"rendered":"[vc_row type=\u00bbfull_width_content\u00bb full_screen_row_position=\u00bbmiddle\u00bb scene_position=\u00bbcenter\u00bb text_color=\u00bbdark\u00bb text_align=\u00bbleft\u00bb overlay_strength=\u00bb0.3&#8243; shape_divider_position=\u00bbbottom\u00bb bg_image_animation=\u00bbnone\u00bb][vc_column column_padding=\u00bbno-extra-padding\u00bb column_padding_position=\u00bball\u00bb background_color_opacity=\u00bb1&#8243; background_hover_color_opacity=\u00bb1&#8243; column_link_target=\u00bb_self\u00bb column_shadow=\u00bbnone\u00bb column_border_radius=\u00bbnone\u00bb width=\u00bb1\/1&#8243; tablet_width_inherit=\u00bbdefault\u00bb tablet_text_alignment=\u00bbdefault\u00bb phone_text_alignment=\u00bbdefault\u00bb column_border_width=\u00bbnone\u00bb column_border_style=\u00bbsolid\u00bb bg_image_animation=\u00bbnone\u00bb][recent_posts style=\u00bbslider\u00bb category=\u00bball\u00bb order=\u00bbDESC\u00bb orderby=\u00bbdate\u00bb slider_size=\u00bb450&#8243; posts_per_page=\u00bb3&#8243;][\/vc_column][\/vc_row][vc_row type=\u00bbfull_width_background\u00bb full_screen_row_position=\u00bbmiddle\u00bb scene_position=\u00bbcenter\u00bb text_color=\u00bbdark\u00bb text_align=\u00bbleft\u00bb top_padding=\u00bb40&#8243; bottom_padding=\u00bb40&#8243; id=\u00bbblog\u00bb overlay_strength=\u00bb0.3&#8243; shape_divider_position=\u00bbbottom\u00bb bg_image_animation=\u00bbnone\u00bb][vc_column column_padding=\u00bbno-extra-padding\u00bb column_padding_position=\u00bball\u00bb background_color_opacity=\u00bb1&#8243; background_hover_color_opacity=\u00bb1&#8243; column_link_target=\u00bb_self\u00bb column_shadow=\u00bbnone\u00bb column_border_radius=\u00bbnone\u00bb width=\u00bb1\/1&#8243; tablet_width_inherit=\u00bbdefault\u00bb tablet_text_alignment=\u00bbdefault\u00bb phone_text_alignment=\u00bbdefault\u00bb column_border_width=\u00bbnone\u00bb column_border_style=\u00bbsolid\u00bb bg_image_animation=\u00bbnone\u00bb][nectar_blog layout=\u00bbmasonry-blog-full-screen-width\u00bb blog_masonry_style=\u00bbinherit\u00bb category=\u00bball\u00bb enable_pagination=\u00bbtrue\u00bb pagination_type=\u00bbinfinite_scroll\u00bb load_in_animation=\u00bbfade_in_from_bottom\u00bb order=\u00bbDESC\u00bb orderby=\u00bbdate\u00bb posts_per_page=\u00bb10&#8243;][\/vc_column][\/vc_row]\n","protected":false},"excerpt":{"rendered":"<p>[vc_row type=\u00bbfull_width_content\u00bb full_screen_row_position=\u00bbmiddle\u00bb scene_position=\u00bbcenter\u00bb text_color=\u00bbdark\u00bb text_align=\u00bbleft\u00bb overlay_strength=\u00bb0.3&#8243; shape_divider_position=\u00bbbottom\u00bb bg_image_animation=\u00bbnone\u00bb][vc_column column_padding=\u00bbno-extra-padding\u00bb column_padding_position=\u00bball\u00bb background_color_opacity=\u00bb1&#8243; background_hover_color_opacity=\u00bb1&#8243; column_link_target=\u00bb_self\u00bb column_shadow=\u00bbnone\u00bb column_border_radius=\u00bbnone\u00bb width=\u00bb1\/1&#8243; tablet_width_inherit=\u00bbdefault\u00bb tablet_text_alignment=\u00bbdefault\u00bb phone_text_alignment=\u00bbdefault\u00bb column_border_width=\u00bbnone\u00bb column_border_style=\u00bbsolid\u00bb bg_image_animation=\u00bbnone\u00bb][recent_posts style=\u00bbslider\u00bb category=\u00bball\u00bb order=\u00bbDESC\u00bb orderby=\u00bbdate\u00bb slider_size=\u00bb450&#8243; posts_per_page=\u00bb3&#8243;][\/vc_column][\/vc_row][vc_row type=\u00bbfull_width_background\u00bb&#8230;<\/p>\n","protected":false},"author":1,"featured_media":0,"parent":0,"menu_order":0,"comment_status":"closed","ping_status":"closed","template":"","meta":{"footnotes":""},"class_list":["post-127","page","type-page","status-publish"],"yoast_head":"<!-- This site is optimized with the Yoast SEO plugin v26.5 - https:\/\/yoast.com\/wordpress\/plugins\/seo\/ -->\n<title>Blog - Sebasti\u00e1n Becerra Cancino<\/title>\n<meta name=\"robots\" content=\"index, follow, max-snippet:-1, max-image-preview:large, max-video-preview:-1\" \/>\n<link rel=\"canonical\" href=\"https:\/\/www.sebastianbecerra.cl\/es\/blog\/\" \/>\n<meta property=\"og:locale\" content=\"es_ES\" \/>\n<meta property=\"og:type\" content=\"article\" \/>\n<meta property=\"og:title\" content=\"Blog - Sebasti\u00e1n Becerra Cancino\" \/>\n<meta property=\"og:description\" content=\"[vc_row type=\u00bbfull_width_content\u00bb full_screen_row_position=\u00bbmiddle\u00bb scene_position=\u00bbcenter\u00bb text_color=\u00bbdark\u00bb text_align=\u00bbleft\u00bb overlay_strength=\u00bb0.3&#8243; shape_divider_position=\u00bbbottom\u00bb bg_image_animation=\u00bbnone\u00bb][vc_column column_padding=\u00bbno-extra-padding\u00bb column_padding_position=\u00bball\u00bb background_color_opacity=\u00bb1&#8243; background_hover_color_opacity=\u00bb1&#8243; column_link_target=\u00bb_self\u00bb column_shadow=\u00bbnone\u00bb column_border_radius=\u00bbnone\u00bb width=\u00bb1\/1&#8243; tablet_width_inherit=\u00bbdefault\u00bb tablet_text_alignment=\u00bbdefault\u00bb phone_text_alignment=\u00bbdefault\u00bb column_border_width=\u00bbnone\u00bb column_border_style=\u00bbsolid\u00bb bg_image_animation=\u00bbnone\u00bb][recent_posts style=\u00bbslider\u00bb category=\u00bball\u00bb order=\u00bbDESC\u00bb orderby=\u00bbdate\u00bb slider_size=\u00bb450&#8243; posts_per_page=\u00bb3&#8243;][\/vc_column][\/vc_row][vc_row type=\u00bbfull_width_background\u00bb...\" \/>\n<meta property=\"og:url\" content=\"https:\/\/www.sebastianbecerra.cl\/blog\/\" \/>\n<meta property=\"og:site_name\" content=\"Sebasti\u00e1n Becerra Cancino\" \/>\n<meta property=\"article:publisher\" content=\"https:\/\/www.facebook.com\/SebaEBC\" \/>\n<meta property=\"article:modified_time\" content=\"2019-09-22T21:26:49+00:00\" \/>\n<meta name=\"twitter:card\" content=\"summary_large_image\" \/>\n<meta name=\"twitter:site\" content=\"@sebaebc\" \/>\n<meta name=\"twitter:label1\" content=\"Tiempo de lectura\" \/>\n\t<meta name=\"twitter:data1\" content=\"1 minuto\" \/>\n<script type=\"application\/ld+json\" class=\"yoast-schema-graph\">{\"@context\":\"https:\/\/schema.org\",\"@graph\":[{\"@type\":\"WebPage\",\"@id\":\"https:\/\/www.sebastianbecerra.cl\/blog\/\",\"url\":\"https:\/\/www.sebastianbecerra.cl\/blog\/\",\"name\":\"Blog - Sebasti\u00e1n Becerra Cancino\",\"isPartOf\":{\"@id\":\"https:\/\/www.sebastianbecerra.cl\/#website\"},\"datePublished\":\"2019-09-22T21:25:42+00:00\",\"dateModified\":\"2019-09-22T21:26:49+00:00\",\"breadcrumb\":{\"@id\":\"https:\/\/www.sebastianbecerra.cl\/blog\/#breadcrumb\"},\"inLanguage\":\"es\",\"potentialAction\":[{\"@type\":\"ReadAction\",\"target\":[\"https:\/\/www.sebastianbecerra.cl\/blog\/\"]}]},{\"@type\":\"BreadcrumbList\",\"@id\":\"https:\/\/www.sebastianbecerra.cl\/blog\/#breadcrumb\",\"itemListElement\":[{\"@type\":\"ListItem\",\"position\":1,\"name\":\"Home\",\"item\":\"https:\/\/www.sebastianbecerra.cl\/es\/\"},{\"@type\":\"ListItem\",\"position\":2,\"name\":\"Blog\"}]},{\"@type\":\"WebSite\",\"@id\":\"https:\/\/www.sebastianbecerra.cl\/#website\",\"url\":\"https:\/\/www.sebastianbecerra.cl\/\",\"name\":\"Sebasti\u00e1n Becerra Cancino\",\"description\":\"a.k.a SebaEBC\",\"publisher\":{\"@id\":\"https:\/\/www.sebastianbecerra.cl\/#\/schema\/person\/2161bff8467c8edc79755788cdd5ccc7\"},\"potentialAction\":[{\"@type\":\"SearchAction\",\"target\":{\"@type\":\"EntryPoint\",\"urlTemplate\":\"https:\/\/www.sebastianbecerra.cl\/?s={search_term_string}\"},\"query-input\":{\"@type\":\"PropertyValueSpecification\",\"valueRequired\":true,\"valueName\":\"search_term_string\"}}],\"inLanguage\":\"es\"},{\"@type\":[\"Person\",\"Organization\"],\"@id\":\"https:\/\/www.sebastianbecerra.cl\/#\/schema\/person\/2161bff8467c8edc79755788cdd5ccc7\",\"name\":\"Sebasti\u00e1n Becerra\",\"image\":{\"@type\":\"ImageObject\",\"inLanguage\":\"es\",\"@id\":\"https:\/\/www.sebastianbecerra.cl\/#\/schema\/person\/image\/\",\"url\":\"https:\/\/secure.gravatar.com\/avatar\/6ad6c082337a2abc992ff0cd1deeaa2f9c345d8a5f4633d9a0f700c69cb1bf5c?s=96&r=g\",\"contentUrl\":\"https:\/\/secure.gravatar.com\/avatar\/6ad6c082337a2abc992ff0cd1deeaa2f9c345d8a5f4633d9a0f700c69cb1bf5c?s=96&r=g\",\"caption\":\"Sebasti\u00e1n Becerra\"},\"logo\":{\"@id\":\"https:\/\/www.sebastianbecerra.cl\/#\/schema\/person\/image\/\"},\"description\":\"Trabajo con tecnolog\u00edas web en arquitecturas Cloud. Me gusta descubrir y aprender nuevas tecnolog\u00edas en Layouts (CSS, Sass, Less), Frameworks de Desarrollo (JQuery, AngularJS, Ionic) y plataformas Web (Wordpress, Joomla, Prestashop). He colaborado con diferentes proyectos de software libre y c\u00f3digo abierto con fines sociales. Adem\u00e1s particip\u00e9 en distintos eventos TI exponiendo sobre comunidades y educando sobre tecnolog\u00edas Web.\",\"sameAs\":[\"https:\/\/www.sebastianbecerra.cl\",\"https:\/\/www.facebook.com\/SebaEBC\",\"https:\/\/www.instagram.com\/sebaebc\",\"https:\/\/www.linkedin.com\/in\/sebaebc\/\",\"https:\/\/x.com\/sebaebc\"]}]}<\/script>\n<!-- \/ Yoast SEO plugin. -->","yoast_head_json":{"title":"Blog - Sebasti\u00e1n Becerra Cancino","robots":{"index":"index","follow":"follow","max-snippet":"max-snippet:-1","max-image-preview":"max-image-preview:large","max-video-preview":"max-video-preview:-1"},"canonical":"https:\/\/www.sebastianbecerra.cl\/es\/blog\/","og_locale":"es_ES","og_type":"article","og_title":"Blog - Sebasti\u00e1n Becerra Cancino","og_description":"[vc_row type=\u00bbfull_width_content\u00bb full_screen_row_position=\u00bbmiddle\u00bb scene_position=\u00bbcenter\u00bb text_color=\u00bbdark\u00bb text_align=\u00bbleft\u00bb overlay_strength=\u00bb0.3&#8243; shape_divider_position=\u00bbbottom\u00bb bg_image_animation=\u00bbnone\u00bb][vc_column column_padding=\u00bbno-extra-padding\u00bb column_padding_position=\u00bball\u00bb background_color_opacity=\u00bb1&#8243; background_hover_color_opacity=\u00bb1&#8243; column_link_target=\u00bb_self\u00bb column_shadow=\u00bbnone\u00bb column_border_radius=\u00bbnone\u00bb width=\u00bb1\/1&#8243; tablet_width_inherit=\u00bbdefault\u00bb tablet_text_alignment=\u00bbdefault\u00bb phone_text_alignment=\u00bbdefault\u00bb column_border_width=\u00bbnone\u00bb column_border_style=\u00bbsolid\u00bb bg_image_animation=\u00bbnone\u00bb][recent_posts style=\u00bbslider\u00bb category=\u00bball\u00bb order=\u00bbDESC\u00bb orderby=\u00bbdate\u00bb slider_size=\u00bb450&#8243; posts_per_page=\u00bb3&#8243;][\/vc_column][\/vc_row][vc_row type=\u00bbfull_width_background\u00bb...","og_url":"https:\/\/www.sebastianbecerra.cl\/blog\/","og_site_name":"Sebasti\u00e1n Becerra Cancino","article_publisher":"https:\/\/www.facebook.com\/SebaEBC","article_modified_time":"2019-09-22T21:26:49+00:00","twitter_card":"summary_large_image","twitter_site":"@sebaebc","twitter_misc":{"Tiempo de lectura":"1 minuto"},"schema":{"@context":"https:\/\/schema.org","@graph":[{"@type":"WebPage","@id":"https:\/\/www.sebastianbecerra.cl\/blog\/","url":"https:\/\/www.sebastianbecerra.cl\/blog\/","name":"Blog - Sebasti\u00e1n Becerra Cancino","isPartOf":{"@id":"https:\/\/www.sebastianbecerra.cl\/#website"},"datePublished":"2019-09-22T21:25:42+00:00","dateModified":"2019-09-22T21:26:49+00:00","breadcrumb":{"@id":"https:\/\/www.sebastianbecerra.cl\/blog\/#breadcrumb"},"inLanguage":"es","potentialAction":[{"@type":"ReadAction","target":["https:\/\/www.sebastianbecerra.cl\/blog\/"]}]},{"@type":"BreadcrumbList","@id":"https:\/\/www.sebastianbecerra.cl\/blog\/#breadcrumb","itemListElement":[{"@type":"ListItem","position":1,"name":"Home","item":"https:\/\/www.sebastianbecerra.cl\/es\/"},{"@type":"ListItem","position":2,"name":"Blog"}]},{"@type":"WebSite","@id":"https:\/\/www.sebastianbecerra.cl\/#website","url":"https:\/\/www.sebastianbecerra.cl\/","name":"Sebasti\u00e1n Becerra Cancino","description":"a.k.a SebaEBC","publisher":{"@id":"https:\/\/www.sebastianbecerra.cl\/#\/schema\/person\/2161bff8467c8edc79755788cdd5ccc7"},"potentialAction":[{"@type":"SearchAction","target":{"@type":"EntryPoint","urlTemplate":"https:\/\/www.sebastianbecerra.cl\/?s={search_term_string}"},"query-input":{"@type":"PropertyValueSpecification","valueRequired":true,"valueName":"search_term_string"}}],"inLanguage":"es"},{"@type":["Person","Organization"],"@id":"https:\/\/www.sebastianbecerra.cl\/#\/schema\/person\/2161bff8467c8edc79755788cdd5ccc7","name":"Sebasti\u00e1n Becerra","image":{"@type":"ImageObject","inLanguage":"es","@id":"https:\/\/www.sebastianbecerra.cl\/#\/schema\/person\/image\/","url":"https:\/\/secure.gravatar.com\/avatar\/6ad6c082337a2abc992ff0cd1deeaa2f9c345d8a5f4633d9a0f700c69cb1bf5c?s=96&r=g","contentUrl":"https:\/\/secure.gravatar.com\/avatar\/6ad6c082337a2abc992ff0cd1deeaa2f9c345d8a5f4633d9a0f700c69cb1bf5c?s=96&r=g","caption":"Sebasti\u00e1n Becerra"},"logo":{"@id":"https:\/\/www.sebastianbecerra.cl\/#\/schema\/person\/image\/"},"description":"Trabajo con tecnolog\u00edas web en arquitecturas Cloud. Me gusta descubrir y aprender nuevas tecnolog\u00edas en Layouts (CSS, Sass, Less), Frameworks de Desarrollo (JQuery, AngularJS, Ionic) y plataformas Web (Wordpress, Joomla, Prestashop). He colaborado con diferentes proyectos de software libre y c\u00f3digo abierto con fines sociales. Adem\u00e1s particip\u00e9 en distintos eventos TI exponiendo sobre comunidades y educando sobre tecnolog\u00edas Web.","sameAs":["https:\/\/www.sebastianbecerra.cl","https:\/\/www.facebook.com\/SebaEBC","https:\/\/www.instagram.com\/sebaebc","https:\/\/www.linkedin.com\/in\/sebaebc\/","https:\/\/x.com\/sebaebc"]}]}},"_links":{"self":[{"href":"https:\/\/www.sebastianbecerra.cl\/es\/wp-json\/wp\/v2\/pages\/127\/"}],"collection":[{"href":"https:\/\/www.sebastianbecerra.cl\/es\/wp-json\/wp\/v2\/pages\/"}],"about":[{"href":"https:\/\/www.sebastianbecerra.cl\/es\/wp-json\/wp\/v2\/types\/page\/"}],"author":[{"embeddable":true,"href":"https:\/\/www.sebastianbecerra.cl\/es\/wp-json\/wp\/v2\/users\/1\/"}],"replies":[{"embeddable":true,"href":"https:\/\/www.sebastianbecerra.cl\/es\/wp-json\/wp\/v2\/comments\/?post=127"}],"version-history":[{"count":2,"href":"https:\/\/www.sebastianbecerra.cl\/es\/wp-json\/wp\/v2\/pages\/127\/revisions\/"}],"predecessor-version":[{"id":129,"href":"https:\/\/www.sebastianbecerra.cl\/es\/wp-json\/wp\/v2\/pages\/127\/revisions\/129\/"}],"wp:attachment":[{"href":"https:\/\/www.sebastianbecerra.cl\/es\/wp-json\/wp\/v2\/media\/?parent=127"}],"curies":[{"name":"wp","href":"https:\/\/api.w.org\/{rel}","templated":true}]}}